{"id":90,"date":"2026-05-10T16:49:58","date_gmt":"2026-05-10T16:49:58","guid":{"rendered":"https:\/\/thu-dinh.net\/?page_id=90"},"modified":"2026-05-13T01:33:41","modified_gmt":"2026-05-13T01:33:41","slug":"publications","status":"publish","type":"page","link":"https:\/\/thu-dinh.net\/?page_id=90","title":{"rendered":"Publications"},"content":{"rendered":"\n<p>My work at <em>Tia S\u00e1ng<\/em>: <a href=\"https:\/\/tiasang.com.vn\/tac-gia\/anh-thu-2181.html\">https:\/\/tiasang.com.vn\/tac-gia\/anh-thu-2181.html<\/a><\/p>\n\n\n\n<div class=\"wp-block-media-text alignwide is-stacked-on-mobile\"><figure class=\"wp-block-media-text__media\"><img loading=\"lazy\" decoding=\"async\" width=\"1024\" height=\"666\" src=\"https:\/\/thu-dinh.net\/wp-content\/uploads\/2026\/05\/Khang-khang-sinh-cover-1024x666.png\" alt=\"\" class=\"wp-image-100 size-full\" srcset=\"https:\/\/thu-dinh.net\/wp-content\/uploads\/2026\/05\/Khang-khang-sinh-cover-1024x666.png 1024w, https:\/\/thu-dinh.net\/wp-content\/uploads\/2026\/05\/Khang-khang-sinh-cover-300x195.png 300w, https:\/\/thu-dinh.net\/wp-content\/uploads\/2026\/05\/Khang-khang-sinh-cover-768x499.png 768w, https:\/\/thu-dinh.net\/wp-content\/uploads\/2026\/05\/Khang-khang-sinh-cover-1536x999.png 1536w, https:\/\/thu-dinh.net\/wp-content\/uploads\/2026\/05\/Khang-khang-sinh-cover-2048x1332.png 2048w\" sizes=\"auto, (max-width: 1024px) 100vw, 1024px\" \/><\/figure><div class=\"wp-block-media-text__content\">\n<p><strong><a href=\"https:\/\/tiasang.com.vn\/khang-khang-sinh-sat-thu-tham-lang-do-chinh-con-nguoi-dao-luyen-5059684.html\">Kh\u00e1ng kh\u00e1ng sinh: S\u00e1t th\u1ee7 th\u1ea7m l\u1eb7ng do ch\u00ednh con ng\u01b0\u1eddi \u0111\u00e0o luy\u1ec7n (K\u1ef3 1)<\/a><\/strong><br><strong>(Antibiotic resistance: The man-made silent killer)<\/strong><br><em>Tia S\u00e1ng<\/em>, April 2026<br>Common habits, even those that seem convenient, are accidentally fueling antibiotic resistance. This silent pandemic causes 70,000 deaths every year in Vietnam<\/p>\n<\/div><\/div>\n\n\n\n<div class=\"wp-block-media-text alignwide is-stacked-on-mobile\"><figure class=\"wp-block-media-text__media\"><img loading=\"lazy\" decoding=\"async\" width=\"1024\" height=\"683\" src=\"https:\/\/thu-dinh.net\/wp-content\/uploads\/2026\/05\/don-thuoc-anh-vne-1-1024x683.png\" alt=\"\" class=\"wp-image-117 size-full\" srcset=\"https:\/\/thu-dinh.net\/wp-content\/uploads\/2026\/05\/don-thuoc-anh-vne-1-1024x683.png 1024w, https:\/\/thu-dinh.net\/wp-content\/uploads\/2026\/05\/don-thuoc-anh-vne-1-300x200.png 300w, https:\/\/thu-dinh.net\/wp-content\/uploads\/2026\/05\/don-thuoc-anh-vne-1-768x512.png 768w, https:\/\/thu-dinh.net\/wp-content\/uploads\/2026\/05\/don-thuoc-anh-vne-1.png 1200w\" sizes=\"auto, (max-width: 1024px) 100vw, 1024px\" \/><\/figure><div class=\"wp-block-media-text__content\">\n<p><strong>Gian nan g\u1ee1 ng\u00f2i &#8216;qu\u1ea3 bom n\u1ed5 ch\u1eadm\u2019 kh\u00e1ng kh\u00e1ng sinh (K\u1ef3 2)<\/strong><br><strong>(The struggle to defuse the antimicrobial resistance &#8220;time bomb&#8221;)<\/strong><br><em>Tia S\u00e1ng,<\/em> April 2026<br>With drug-resistant bacteria spreading widely, the responsibility falls on both individual actions and failing systems. <\/p>\n<\/div><\/div>\n\n\n\n<div class=\"wp-block-media-text alignwide is-stacked-on-mobile\"><figure class=\"wp-block-media-text__media\"><img loading=\"lazy\" decoding=\"async\" width=\"1024\" height=\"685\" src=\"https:\/\/thu-dinh.net\/wp-content\/uploads\/2026\/05\/image-1024x685.png\" alt=\"\" class=\"wp-image-104 size-full\" srcset=\"https:\/\/thu-dinh.net\/wp-content\/uploads\/2026\/05\/image-1024x685.png 1024w, https:\/\/thu-dinh.net\/wp-content\/uploads\/2026\/05\/image-300x201.png 300w, https:\/\/thu-dinh.net\/wp-content\/uploads\/2026\/05\/image-768x513.png 768w, https:\/\/thu-dinh.net\/wp-content\/uploads\/2026\/05\/image-1536x1027.png 1536w, https:\/\/thu-dinh.net\/wp-content\/uploads\/2026\/05\/image.png 2048w\" sizes=\"auto, (max-width: 1024px) 100vw, 1024px\" \/><\/figure><div class=\"wp-block-media-text__content\">\n<p>Vietnamese version: <strong><a href=\"https:\/\/tiasang.com.vn\/nghe-thu-gom-phan-doi-canh-cua-lan-truyen-virus-tiem-tang-4967119.html\">Ngh\u1ec1 thu gom ph\u00e2n d\u01a1i: C\u00e1nh c\u1eeda lan truy\u1ec1n virus ti\u1ec1m t\u00e0ng?<\/a><\/strong><br><em>Tia S\u00e1ng<\/em>, July 2024<br>English version: <strong><a href=\"https:\/\/www.mekongeye.com\/2024\/09\/30\/bat-guano\">Viet Nam\u2019s bat dropping collectors risk virus outbreak<\/a><\/strong><br><em>Mekong Eye<\/em>, September 2024<br>Bat guano is a lucrative trade, but scientists fear not enough is being done to prevent future pandemics<\/p>\n<\/div><\/div>\n\n\n\n<div class=\"wp-block-media-text alignwide is-stacked-on-mobile\"><figure class=\"wp-block-media-text__media\"><img loading=\"lazy\" decoding=\"async\" width=\"1024\" height=\"576\" src=\"https:\/\/thu-dinh.net\/wp-content\/uploads\/2026\/05\/image-1-1024x576.png\" alt=\"\" class=\"wp-image-105 size-full\" srcset=\"https:\/\/thu-dinh.net\/wp-content\/uploads\/2026\/05\/image-1-1024x576.png 1024w, https:\/\/thu-dinh.net\/wp-content\/uploads\/2026\/05\/image-1-300x169.png 300w, https:\/\/thu-dinh.net\/wp-content\/uploads\/2026\/05\/image-1-768x432.png 768w, https:\/\/thu-dinh.net\/wp-content\/uploads\/2026\/05\/image-1.png 1360w\" sizes=\"auto, (max-width: 1024px) 100vw, 1024px\" \/><\/figure><div class=\"wp-block-media-text__content\">\n<p>Vietnamese version: <strong><a href=\"https:\/\/tiasang.com.vn\/ham-luong-asen-vo-co-trong-lua-gao-can-nghien-cuu-lam-ro-4967324.html\">H\u00e0m l\u01b0\u1ee3ng asen v\u00f4 c\u01a1 trong l\u00faa g\u1ea1o: C\u1ea7n nghi\u00ean c\u1ee9u l\u00e0m r\u00f5<\/a><\/strong><br><em>Tia S\u00e1ng<\/em>, May 2024<br>English version: <strong><a href=\"https:\/\/www.mekongeye.com\/2024\/07\/29\/tracing-arsenic-contamination-in-viet-nams-rice-paddies\">Tracing arsenic contamination in Viet Nam\u2019s rice paddies<\/a><\/strong><br><em>Mekong Eye<\/em>, July 2024<br>Scientists say common irrigation practices exacerbate contamination and want official limits tightened<\/p>\n<\/div><\/div>\n\n\n\n<div class=\"wp-block-media-text alignwide is-stacked-on-mobile\"><figure class=\"wp-block-media-text__media\"><img loading=\"lazy\" decoding=\"async\" width=\"640\" height=\"359\" src=\"https:\/\/thu-dinh.net\/wp-content\/uploads\/2026\/05\/image-3.png\" alt=\"\" class=\"wp-image-119 size-full\" srcset=\"https:\/\/thu-dinh.net\/wp-content\/uploads\/2026\/05\/image-3.png 640w, https:\/\/thu-dinh.net\/wp-content\/uploads\/2026\/05\/image-3-300x168.png 300w\" sizes=\"auto, (max-width: 640px) 100vw, 640px\" \/><\/figure><div class=\"wp-block-media-text__content\">\n<p><strong><a href=\"https:\/\/tiasang.com.vn\/theo-dau-me-cung-tu-trang-trai-gia-cam-den-cho-4969812.html\">Theo d\u1ea5u m\u00ea cung t\u1eeb trang tr\u1ea1i gia c\u1ea7m \u0111\u1ebfn ch\u1ee3<\/a><\/strong><br><em>Tia S\u00e1ng<\/em>, February 2023<br>Vietnamese scientists are unravelling the complex pathways of bacteria jumping from poultry to humans. These findings expose a tangled network of transmission that is far more complicated than previously thought.<\/p>\n<\/div><\/div>\n\n\n\n<div class=\"wp-block-media-text alignwide is-stacked-on-mobile\"><figure class=\"wp-block-media-text__media\"><img loading=\"lazy\" decoding=\"async\" width=\"1024\" height=\"566\" src=\"https:\/\/thu-dinh.net\/wp-content\/uploads\/2026\/05\/image-2-1024x566.png\" alt=\"\" class=\"wp-image-106 size-full\" srcset=\"https:\/\/thu-dinh.net\/wp-content\/uploads\/2026\/05\/image-2-1024x566.png 1024w, https:\/\/thu-dinh.net\/wp-content\/uploads\/2026\/05\/image-2-300x166.png 300w, https:\/\/thu-dinh.net\/wp-content\/uploads\/2026\/05\/image-2-768x424.png 768w, https:\/\/thu-dinh.net\/wp-content\/uploads\/2026\/05\/image-2.png 1166w\" sizes=\"auto, (max-width: 1024px) 100vw, 1024px\" \/><\/figure><div class=\"wp-block-media-text__content\">\n<p><strong><a href=\"https:\/\/tiasang.com.vn\/bai-boi-bai-giua-song-hong-nhung-vien-ngoc-sinh-thai-trong-long-ha-noi-4969815.html\">B\u00e3i b\u1ed3i, b\u00e3i gi\u1eefa s\u00f4ng H\u1ed3ng: Nh\u1eefng \u201cvi\u00ean ng\u1ecdc\u201d sinh th\u00e1i trong l\u00f2ng H\u00e0 N\u1ed9i<\/a><\/strong><br>(The Red River mid-ground: Hidden ecological gems in central Hanoi)<br><em>Tia S\u00e1ng<\/em>, January 2023<br>Surrounded by a concrete jungle of growing skyscrapers, Hanoi\u2019s green oases remain a surprising sanctuary for rare species<\/p>\n<\/div><\/div>\n\n\n\n<div class=\"wp-block-media-text alignwide is-stacked-on-mobile\"><figure class=\"wp-block-media-text__media\"><img loading=\"lazy\" decoding=\"async\" width=\"1024\" height=\"613\" src=\"https:\/\/thu-dinh.net\/wp-content\/uploads\/2026\/05\/image-4-1024x613.png\" alt=\"\" class=\"wp-image-120 size-full\" srcset=\"https:\/\/thu-dinh.net\/wp-content\/uploads\/2026\/05\/image-4-1024x613.png 1024w, https:\/\/thu-dinh.net\/wp-content\/uploads\/2026\/05\/image-4-300x180.png 300w, https:\/\/thu-dinh.net\/wp-content\/uploads\/2026\/05\/image-4-768x460.png 768w, https:\/\/thu-dinh.net\/wp-content\/uploads\/2026\/05\/image-4.png 1169w\" sizes=\"auto, (max-width: 1024px) 100vw, 1024px\" \/><\/figure><div class=\"wp-block-media-text__content\">\n<p><strong><a href=\"https:\/\/tiasang.com.vn\/htx-sinh-duoc-phat-trien-ben-vung-tu-nguon-duoc-lieu-ban-dia-4967784.html\">HTX Sinh D\u01b0\u1ee3c: Ph\u00e1t tri\u1ec3n b\u1ec1n v\u1eefng t\u1eeb ngu\u1ed3n d\u01b0\u1ee3c li\u1ec7u b\u1ea3n \u0111\u1ecba<\/a><\/strong><br>(Sustainable development through Indigenous herbs at Sinh Duoc Cooperative)<br><em>Tia S\u00e1ng<\/em>, January 2022<br>Balancing tradition with modern innovation, Sinh Duoc is a model cooperative that capitalizes on its unique heritage to constantly modernize its production workflow.<\/p>\n<\/div><\/div>\n\n\n\n<div class=\"wp-block-media-text alignwide is-stacked-on-mobile\"><figure class=\"wp-block-media-text__media\"><img loading=\"lazy\" decoding=\"async\" width=\"1024\" height=\"613\" src=\"https:\/\/thu-dinh.net\/wp-content\/uploads\/2026\/05\/image-5-1024x613.png\" alt=\"\" class=\"wp-image-122 size-full\" srcset=\"https:\/\/thu-dinh.net\/wp-content\/uploads\/2026\/05\/image-5-1024x613.png 1024w, https:\/\/thu-dinh.net\/wp-content\/uploads\/2026\/05\/image-5-300x180.png 300w, https:\/\/thu-dinh.net\/wp-content\/uploads\/2026\/05\/image-5-768x460.png 768w, https:\/\/thu-dinh.net\/wp-content\/uploads\/2026\/05\/image-5.png 1169w\" sizes=\"auto, (max-width: 1024px) 100vw, 1024px\" \/><\/figure><div class=\"wp-block-media-text__content\">\n<p><strong><a href=\"https:\/\/tiasang.com.vn\/diem-mach-mot-goi-y-cho-bai-toan-han-man-4967785.html\">Di\u00eam m\u1ea1ch: M\u1ed9t g\u1ee3i \u00fd cho b\u00e0i to\u00e1n h\u1ea1n m\u1eb7n<\/a><\/strong><br>(Quinoa &#8211; A potential solution for salinity and drought challenges)<br><em>Tia S\u00e1ng<\/em>, May 2022<br>By pioneering quinoa trials across multiple ecosystems, researchers are working to turn this crop into a viable solution for Vietnam\u2019s worsening salinity and drought.<\/p>\n<\/div><\/div>\n\n\n\n<p><br><\/p>\n","protected":false},"excerpt":{"rendered":"<p>My work at Tia S\u00e1ng: https:\/\/tiasang.com.vn\/tac-gia\/anh-thu-2181.html Kh\u00e1ng kh\u00e1ng sinh: S\u00e1t th\u1ee7 th\u1ea7m l\u1eb7ng do ch\u00ednh con ng\u01b0\u1eddi \u0111\u00e0o luy\u1ec7n (K\u1ef3 1)(Antibiotic resistance: The man-made silent killer)Tia S\u00e1ng, April 2026Common habits, even those that seem convenient, are accidentally fueling antibiotic resistance. This silent pandemic causes 70,000 deaths every year in Vietnam Gian nan g\u1ee1 ng\u00f2i &#8216;qu\u1ea3 [&hellip;]<\/p>\n","protected":false},"author":1,"featured_media":0,"parent":0,"menu_order":0,"comment_status":"closed","ping_status":"closed","template":"","meta":{"footnotes":""},"class_list":["post-90","page","type-page","status-publish","hentry"],"_links":{"self":[{"href":"https:\/\/thu-dinh.net\/index.php?rest_route=\/wp\/v2\/pages\/90","targetHints":{"allow":["GET"]}}],"collection":[{"href":"https:\/\/thu-dinh.net\/index.php?rest_route=\/wp\/v2\/pages"}],"about":[{"href":"https:\/\/thu-dinh.net\/index.php?rest_route=\/wp\/v2\/types\/page"}],"author":[{"embeddable":true,"href":"https:\/\/thu-dinh.net\/index.php?rest_route=\/wp\/v2\/users\/1"}],"replies":[{"embeddable":true,"href":"https:\/\/thu-dinh.net\/index.php?rest_route=%2Fwp%2Fv2%2Fcomments&post=90"}],"version-history":[{"count":5,"href":"https:\/\/thu-dinh.net\/index.php?rest_route=\/wp\/v2\/pages\/90\/revisions"}],"predecessor-version":[{"id":142,"href":"https:\/\/thu-dinh.net\/index.php?rest_route=\/wp\/v2\/pages\/90\/revisions\/142"}],"wp:attachment":[{"href":"https:\/\/thu-dinh.net\/index.php?rest_route=%2Fwp%2Fv2%2Fmedia&parent=90"}],"curies":[{"name":"wp","href":"https:\/\/api.w.org\/{rel}","templated":true}]}}